{"id":10754,"date":"2026-03-13T16:44:15","date_gmt":"2026-03-13T14:44:15","guid":{"rendered":"https:\/\/zlpoint.com\/?page_id=10754"},"modified":"2026-03-20T20:07:54","modified_gmt":"2026-03-20T18:07:54","slug":"kayttoehdot","status":"publish","type":"page","link":"https:\/\/zlpoint.com\/en\/kayttoehdot\/","title":{"rendered":"K\u00e4ytt\u00f6ehdot"},"content":{"rendered":"<p><strong>VERKKOKAUPAN TOIMITUS- JA K\u00c4YTT\u00d6EHDOT<\/strong><\/p>\n\n\n\n<p><strong>1. Soveltaminen<\/strong><\/p>\n\n\n\n<p>N\u00e4it\u00e4 ehtoja sovelletaan kaikkiin zlpoint.com verkkokaupassa tehtyihin tilauksiin.<\/p>\n\n\n\n<p><strong>2. Myyj\u00e4n tiedot<\/strong><\/p>\n\n\n\n<p>Yritys: zlpoint<\/p>\n\n\n\n<p>Y-tunnus: 2126255-2<\/p>\n\n\n\n<p>PL 38, 00331, Helsinki<\/p>\n\n\n\n<p><strong>3. Asiakkaat<\/strong><\/p>\n\n\n\n<p>Verkkokauppa myy tuotteita yksityishenkil\u00f6ille sek\u00e4 yrityksille.<\/p>\n\n\n\n<p>Asiakkaan tulee olla v\u00e4hint\u00e4\u00e4n 18-vuotias tai h\u00e4nell\u00e4 tulee olla huoltajan suostumus.<\/p>\n\n\n\n<p><strong>4. Tuotteet<\/strong><\/p>\n\n\n\n<p>Tuotteet myyd\u00e4\u00e4n sellaisina kuin ne on kuvattu verkkokaupassa.<\/p>\n\n\n\n<p>Tuotekuvat ovat havainnollistavia ja voivat poiketa hieman todellisesta tuotteesta.<\/p>\n\n\n\n<p>Osa tuotteista valmistetaan k\u00e4sity\u00f6n\u00e4, tuotteissa voi n\u00e4ky\u00e4 k\u00e4sity\u00f6lle tunnusomaisia piirteit\u00e4 eiv\u00e4tk\u00e4 tuoteet ole v\u00e4ltt\u00e4m\u00e4tt\u00e4 t\u00e4ysin identtisi\u00e4. Sivustolla voi esiinty\u00e4 kirjoitus- ja kielioppi virheit\u00e4, johtuen konek\u00e4\u00e4nt\u00e4j\u00e4st\u00e4, teko\u00e4lyst\u00e4 sek\u00e4 lingvistisesti v\u00e4h\u00e4lahjaisista henkil\u00f6ist\u00e4. Tuotteet eiv\u00e4t sovellu tieliikenne k\u00e4ytt\u00f6\u00f6n, asiakas ja  tuotteen loppuk\u00e4ytt\u00e4j\u00e4 ovat vastussa tuoteen oikeanlaisesta ja lakien mukaisesta k\u00e4yt\u00f6st\u00e4. Myyj\u00e4 ei ole vastuussa tuotteiden virheellisest\u00e4 tai lakien vastaisesta k\u00e4yt\u00f6st\u00e4.<\/p>\n\n\n\n<p><strong>5. Tuotteiden saatavuus<\/strong><\/p>\n\n\n\n<p>Kaikki tuotteet myyd\u00e4\u00e4n saatavuuden mukaan.<\/p>\n\n\n\n<p>Myyj\u00e4 pid\u00e4tt\u00e4\u00e4 oikeuden perua tilaus, jos tuotetta ei ole saatavilla.<\/p>\n\n\n\n<p><strong>6. Hinnat<\/strong><\/p>\n\n\n\n<p>Kaikki hinnat ilmoitetaan euroissa.<\/p>\n\n\n\n<p>EU-alueella hinnat sis\u00e4lt\u00e4v\u00e4t arvonlis\u00e4veron.<\/p>\n\n\n\n<p>EU:n ulkopuolelle toimitettavissa tilauksissa asiakas vastaa mahdollisista tullimaksuista ja veroista, sek\u00e4 muista madollisista kuluista.<\/p>\n\n\n\n<p><strong>7. Hintavirheet<\/strong><\/p>\n\n\n\n<p>Jos tuotteessa on ilmeinen hintavirhe, myyj\u00e4ll\u00e4 on oikeus perua tilaus.<\/p>\n\n\n\n<p><strong>8. Tilaaminen<\/strong><\/p>\n\n\n\n<p>Tilaukset tehd\u00e4\u00e4n verkkokaupan ostoskorin kautta.<\/p>\n\n\n\n<p>Tilauksen tekeminen edellytt\u00e4\u00e4 n\u00e4iden ehtojen hyv\u00e4ksymist\u00e4.<\/p>\n\n\n\n<p><strong>9. Tilausvahvistus<\/strong><\/p>\n\n\n\n<p>Asiakkaalle l\u00e4hetet\u00e4\u00e4n tilausvahvistus s\u00e4hk\u00f6postitse.<\/p>\n\n\n\n<p><strong>10. Maksaminen<\/strong><\/p>\n\n\n\n<p>Verkkokauppa k\u00e4ytt\u00e4\u00e4 useita ulkopuolisia maksupalveluntarjoajia.<\/p>\n\n\n\n<p><strong>11. Maksuturvallisuus<\/strong><\/p>\n\n\n\n<p>Maksutiedot k\u00e4sitell\u00e4\u00e4n maksupalveluntarjoajan turvallisissa j\u00e4rjestelmiss\u00e4.<\/p>\n\n\n\n<p><strong>12. Petosten ehk\u00e4isy<\/strong><\/p>\n\n\n\n<p>Myyj\u00e4 pid\u00e4tt\u00e4\u00e4 oikeuden perua tilaus, jos ep\u00e4ill\u00e4\u00e4n maksuv\u00e4lineen v\u00e4\u00e4rink\u00e4ytt\u00f6\u00e4 tai petosta.<\/p>\n\n\n\n<p><strong>13. Toimitus<\/strong><\/p>\n\n\n\n<p>Tilaukset toimitetaan pakettitoimituksena asiakkaan antamaan osoitteeseen.<\/p>\n\n\n\n<p><strong>14. Toimitusalue<\/strong><\/p>\n\n\n\n<p>Toimitamme tuotteita:<\/p>\n\n\n\n<p>\u2022 Suomeen<\/p>\n\n\n\n<p>\u2022 EU-alueelle<\/p>\n\n\n\n<p>\u2022 kansainv\u00e4lisesti<\/p>\n\n\n\n<p><strong>15. Toimitusaika<\/strong><\/p>\n\n\n\n<p>Toimitusaika riippuu toimitusmaasta.<\/p>\n\n\n\n<p>Suomi: 1\u20135 arkip\u00e4iv\u00e4\u00e4<\/p>\n\n\n\n<p>EU: 3\u201310 arkip\u00e4iv\u00e4\u00e4<\/p>\n\n\n\n<p>Muu maailma: 7\u201330 arkip\u00e4iv\u00e4\u00e4<\/p>\n\n\n\n<p><strong>16. Toimituskulut<\/strong><\/p>\n\n\n\n<p>Toimituskulut ilmoitetaan kassalla ennen maksua.<\/p>\n\n\n\n<p><strong>17. Vastuu toimituksesta<\/strong><\/p>\n\n\n\n<p>Myyj\u00e4 vastaa tuotteesta siihen asti, kunnes kuljetusliike tai heid\u00e4n asiahenkil\u00f6ns\u00e4 tai yhteyst\u00f6 taho vastaanottaa paketin myyj\u00e4lt\u00e4.<\/p>\n\n\n\n<p><strong>18. Peruuttamisoikeus<\/strong><\/p>\n\n\n\n<p>EU:n kuluttajilla on Kuluttajansuojalaki mukainen 14 p\u00e4iv\u00e4n peruuttamisoikeus.<\/p>\n\n\n\n<p><strong>19. Palautusehdot<\/strong><\/p>\n\n\n\n<p>Palautettavan tuotteen tulee olla k\u00e4ytt\u00e4m\u00e4t\u00f6n ja alkuper\u00e4isess\u00e4 kunnossa. Personoiduilla tuotteilla ei ole palautusoikeutta.<\/p>\n\n\n\n<p><strong>20. Maksun palautus<\/strong><\/p>\n\n\n\n<p>Palautus suoritetaan viimeist\u00e4\u00e4n 14 p\u00e4iv\u00e4n kuluessa palautuksen vastaanottamisesta.<\/p>\n\n\n\n<p><strong>21. Noutamattomat paketit<\/strong><\/p>\n\n\n\n<p>Noutamatta j\u00e4tetty paketti ei ole sama asia kuin tilauksen peruuttaminen.<\/p>\n\n\n\n<p>Myyj\u00e4ll\u00e4 on oikeus v\u00e4hent\u00e4\u00e4 palautuksesta:<\/p>\n\n\n\n<p>\u2022 toimituskulut<\/p>\n\n\n\n<p>\u2022 palautuskulut<\/p>\n\n\n\n<p>\u2022 k\u00e4sittelykulut<\/p>\n\n\n\n<p><strong>22. Vastuunrajoitus<\/strong><\/p>\n\n\n\n<p>Myyj\u00e4n vastuu rajoittuu enint\u00e4\u00e4n asiakkaan maksamaan tuotteen hintaan.<\/p>\n\n\n\n<p>Myyj\u00e4 ei vastaa v\u00e4lillisist\u00e4 vahingoista.<\/p>\n\n\n\n<p><strong>23. Ylivoimainen este<\/strong><\/p>\n\n\n\n<p>Myyj\u00e4 ei vastaa viiv\u00e4styksist\u00e4, jotka johtuvat ylivoimaisesta esteest\u00e4, esim sota, lakko, ty\u00f6n seisaus, maailman poliittiset tilanteet, kuljetus liikkeen ongelmat, muut logistikka ongelmat.<\/p>\n\n\n\n<p><strong>24. Immateriaalioikeudet<\/strong><\/p>\n\n\n\n<p>Verkkokaupan sis\u00e4lt\u00f6 on myyj\u00e4n omaisuutta eik\u00e4 sit\u00e4 saa k\u00e4ytt\u00e4\u00e4 ilman lupaa.<\/p>\n\n\n\n<p><strong>25. Riitatilanteet<\/strong><\/p>\n\n\n\n<p>Mahdolliset riitatilanteet pyrit\u00e4\u00e4n ratkaisemaan ensisijaisesti neuvottelemalla<\/p>\n\n\n\n<p><strong>26. Sovellettava laki<\/strong><\/p>\n\n\n\n<p>N\u00e4ihin ehtoihin sovelletaan Suomen lakia.<\/p>","protected":false},"excerpt":{"rendered":"<p>VERKKOKAUPAN TOIMITUS- JA K\u00c4YTT\u00d6EHDOT 1. Soveltaminen N\u00e4it\u00e4 ehtoja sovelletaan kaikkiin zlpoint.com verkkokaupassa tehtyihin tilauksiin. 2. Myyj\u00e4n tiedot Yritys: zlpoint Y-tunnus: [&hellip;]<\/p>\n","protected":false},"author":1,"featured_media":0,"parent":0,"menu_order":0,"comment_status":"closed","ping_status":"closed","template":"","meta":{"site-sidebar-layout":"default","site-content-layout":"","ast-site-content-layout":"default","site-content-style":"default","site-sidebar-style":"default","ast-global-header-display":"","ast-banner-title-visibility":"","ast-main-header-display":"","ast-hfb-above-header-display":"","ast-hfb-below-header-display":"","ast-hfb-mobile-header-display":"","site-post-title":"","ast-breadcrumbs-content":"","ast-featured-img":"","footer-sml-layout":"","ast-disable-related-posts":"","theme-transparent-header-meta":"","adv-header-id-meta":"","stick-header-meta":"","header-above-stick-meta":"","header-main-stick-meta":"","header-below-stick-meta":"","astra-migrate-meta-layouts":"default","ast-page-background-enabled":"default","ast-page-background-meta":{"desktop":{"background-color":"var(--ast-global-color-5)","background-image":"","background-repeat":"repeat","background-position":"center center","background-size":"auto","background-attachment":"scroll","background-type":"","background-media":"","overlay-type":"","overlay-color":"","overlay-opacity":"","overlay-gradient":""},"tablet":{"background-color":"","background-image":"","background-repeat":"repeat","background-position":"center center","background-size":"auto","background-attachment":"scroll","background-type":"","background-media":"","overlay-type":"","overlay-color":"","overlay-opacity":"","overlay-gradient":""},"mobile":{"background-color":"","background-image":"","background-repeat":"repeat","background-position":"center center","background-size":"auto","background-attachment":"scroll","background-type":"","background-media":"","overlay-type":"","overlay-color":"","overlay-opacity":"","overlay-gradient":""}},"ast-content-background-meta":{"desktop":{"background-color":"var(--ast-global-color-4)","background-image":"","background-repeat":"repeat","background-position":"center center","background-size":"auto","background-attachment":"scroll","background-type":"","background-media":"","overlay-type":"","overlay-color":"","overlay-opacity":"","overlay-gradient":""},"tablet":{"background-color":"var(--ast-global-color-4)","background-image":"","background-repeat":"repeat","background-position":"center center","background-size":"auto","background-attachment":"scroll","background-type":"","background-media":"","overlay-type":"","overlay-color":"","overlay-opacity":"","overlay-gradient":""},"mobile":{"background-color":"var(--ast-global-color-4)","background-image":"","background-repeat":"repeat","background-position":"center center","background-size":"auto","background-attachment":"scroll","background-type":"","background-media":"","overlay-type":"","overlay-color":"","overlay-opacity":"","overlay-gradient":""}},"footnotes":""},"class_list":["post-10754","page","type-page","status-publish","hentry"],"jetpack_sharing_enabled":true,"_links":{"self":[{"href":"https:\/\/zlpoint.com\/en\/wp-json\/wp\/v2\/pages\/10754","targetHints":{"allow":["GET"]}}],"collection":[{"href":"https:\/\/zlpoint.com\/en\/wp-json\/wp\/v2\/pages"}],"about":[{"href":"https:\/\/zlpoint.com\/en\/wp-json\/wp\/v2\/types\/page"}],"author":[{"embeddable":true,"href":"https:\/\/zlpoint.com\/en\/wp-json\/wp\/v2\/users\/1"}],"replies":[{"embeddable":true,"href":"https:\/\/zlpoint.com\/en\/wp-json\/wp\/v2\/comments?post=10754"}],"version-history":[{"count":5,"href":"https:\/\/zlpoint.com\/en\/wp-json\/wp\/v2\/pages\/10754\/revisions"}],"predecessor-version":[{"id":10791,"href":"https:\/\/zlpoint.com\/en\/wp-json\/wp\/v2\/pages\/10754\/revisions\/10791"}],"wp:attachment":[{"href":"https:\/\/zlpoint.com\/en\/wp-json\/wp\/v2\/media?parent=10754"}],"curies":[{"name":"wp","href":"https:\/\/api.w.org\/{rel}","templated":true}]}}